{"id":6,"date":"2018-10-27T11:51:14","date_gmt":"2018-10-27T11:51:14","guid":{"rendered":"https:\/\/acarogluhs.com\/?page_id=6"},"modified":"2024-01-22T13:22:41","modified_gmt":"2024-01-22T13:22:41","slug":"anasayfa","status":"publish","type":"page","link":"https:\/\/acarogluhs.com\/","title":{"rendered":"Anasayfa"},"content":{"rendered":"<section id=\"one-step\" class=\"one-step\">\n<div class=\"container\">\n<div class=\"row padding-160 step-row\">\n<div class=\"col-xl-6\"><img decoding=\"async\" class=\"img-fluid\" src=\"http:\/\/herasoft.net\/demolar\/r10\/milano\/wp-content\/uploads\/2018\/10\/one-image.png\" alt=\"\"><img loading=\"lazy\" decoding=\"async\" class=\"alignnone size-full wp-image-57\" src=\"https:\/\/acarogluhs.com\/wp-content\/uploads\/2018\/11\/one-image.png\" alt=\"\" width=\"570\" height=\"335\" srcset=\"https:\/\/acarogluhs.com\/wp-content\/uploads\/2018\/11\/one-image.png 570w, https:\/\/acarogluhs.com\/wp-content\/uploads\/2018\/11\/one-image-300x176.png 300w\" sizes=\"auto, (max-width: 570px) 100vw, 570px\" \/><\/div>\n<div class=\"col-xl-6\">\n<div class=\"heading-text\"><span class=\"number\">\n01\n<\/span>\n<span class=\"title\">\nHALI SAHA\n<\/span><\/div>\n<div class=\"body-content\"><span class=\"subtitle\">\nA\u00e7\u0131k ve kapal\u0131 hal\u0131 saha \u00fcretimi ile T\u00fcrkiye&#8217;nin her noktas\u0131na\n<\/span>\n<span class=\"subtitle\">\nprofesyonel ekibimiz ile destek sa\u011fl\u0131yoruz!\n<\/span>&nbsp;<\/p>\n<p class=\"content\">Acaro\u011flu Hal\u0131 Saha olarak 2014 y\u0131l\u0131ndan bu yana bu sekt\u00f6rde hizmet veren en iyi firmay\u0131z. Sporun her dal\u0131nda bizlerden hizmet alabilir, m\u00fc\u015fteri memnuniyetini \u00f6n planda tutan firmam\u0131z arac\u0131l\u0131\u011f\u0131yla arad\u0131\u011f\u0131n\u0131z kaliteye kavu\u015fabilirsiniz. T\u00fcm \u00fclkeye ve yurt d\u0131\u015f\u0131na hizmet veren Acaro\u011flu Hal\u0131 Saha&#8217;y\u0131 istedi\u011finiz zaman arayarak bizlerden maliyet konusunda bilgi alabilirsiniz.<\/p>\n<\/div>\n<\/div>\n<\/div>\n<div class=\"row padding-45\">\n<div class=\"col-xl-6 col-md-8\"><span class=\"solo-text\">\nKAL\u0130TEDEN <span class=\"red-text\">\u00d6D\u00dcN<\/span> VERMEY\u0130N!\n<\/span><\/div>\n<div class=\"col-xl-6 col-md-4 text-right\"><a class=\"custom-buttom\" href=\"#footer\">\nHEMEN TEKL\u0130F AL\n<\/a><\/div>\n<\/div>\n<\/div>\n<\/section>\n<section id=\"two-step\" class=\"two-step\">\n<div class=\"container\">\n<div class=\"row\">\n<div class=\"col-xl-6\">\n<div class=\"two-step_text\">\n<div class=\"heading-text\"><span class=\"number\">\n02\n<\/span>\n<span class=\"title\">\nBASKETBOL SAHASI\n<\/span><\/div>\n<div class=\"body-content\"><span class=\"subtitle\">\nKapal\u0131 basketbol salonu ve a\u00e7\u0131k basketbol sahas\u0131 hizmetini\n<\/span>\n<span class=\"subtitle\">\nprofesyonel ekibimiz ile \u00fcretiyoruz!\n<\/span>&nbsp;<\/p>\n<p class=\"content\">Yurt i\u00e7i ve yurt d\u0131\u015f\u0131 t\u00fcm b\u00f6lgelere profesyonel ekibimiz ile kapal\u0131 basketbol sahas\u0131 ve a\u00e7\u0131k basketbol sahas\u0131 \u00fcretimi yapmaktay\u0131z. Y\u0131llard\u0131r sekt\u00f6rde yer alan ve onlarca basketbol saha referans\u0131&nbsp;olan firmam\u0131z Acaro\u011flu Hal\u0131 Saha&#8217;dan maliyet bilgisi alabilirsiniz.<\/p>\n<\/div>\n<\/div>\n<\/div>\n<div class=\"col-xl-6\"><img decoding=\"async\" src=\"https:\/\/acarogluhs.com\/wp-content\/uploads\/2018\/11\/two-image.png\" alt=\"\"><\/div>\n<\/div>\n<\/div>\n<\/section>\n<section class=\"three-step\">\n<div class=\"container\">\n<div class=\"row\">\n<ul class=\"company-list\">\n<li class=\"company-list_item br-1 bt-1\"><a href=\"#\">\n<span class=\"icon\">\n<i class=\"far fa-futbol\"><\/i>\n<\/span><\/a>&nbsp;<\/p>\n<div class=\"red-text\">KAL\u0130TEN\u0130N<\/div>\n<p>ADI<\/p>\n<p class=\"content\">Sekt\u00f6re girdi\u011fi g\u00fcnden bu yana \u00f6nc\u00fc olma yolunda ad\u0131m ad\u0131m ilerleyen Acaro\u011flu, hizmetlerine devam ediyor.<\/p>\n<\/li>\n<li class=\"company-list_item br-1 bt-1\"><a href=\"#\">\n<span class=\"icon\">\n<i class=\"far fa-futbol\"><\/i>\n<\/span><\/a>&nbsp;<\/p>\n<div class=\"red-text\">Y\u00dcZLERCE<\/div>\n<p>REFERANS<\/p>\n<p class=\"content\">Kuruldu\u011fu g\u00fcnden bu yana T\u00fcrkiye&#8217;nin her b\u00f6lgesine \u00fcretti\u011fi tesisler ile yoluna devam ediyor. Yaln\u0131zca T\u00fcrkiye de\u011fil bir\u00e7ok \u00fclkede de kurumlara devam ediyor.<\/p>\n<\/li>\n<li class=\"company-list_item bt-1\"><a href=\"#\">\n<span class=\"icon\">\n<i class=\"far fa-futbol\"><\/i>\n<\/span><\/a>&nbsp;<\/p>\n<div class=\"red-text\">HER BRAN\u015eTAN<\/div>\n<p>KURUMLAR<\/p>\n<p class=\"content\">Futbol, basketbol, voleybol, hentbol ve tenis gibi spor bran\u015flar\u0131ndan tesisler yap\u0131l\u0131yor.<\/p>\n<\/li>\n<\/ul>\n<\/div>\n<\/div>\n<\/section>\n<section id=\"four-step\" class=\"one-step\">\n<div class=\"container\">\n<div class=\"row padding-160\">\n<div class=\"col-xl-6\"><img decoding=\"async\" class=\"img-fluid\" src=\"https:\/\/acarogluhs.com\/wp-content\/uploads\/2018\/11\/three-image.png\" alt=\"\"><\/div>\n<div class=\"col-xl-6\">\n<div class=\"heading-text\"><span class=\"number\">\n03\n<\/span>\n<span class=\"title\">\nTEN\u0130S KORTU\n<\/span><\/div>\n<div class=\"body-content\"><span class=\"subtitle\">\nT\u00fcm zemin \u00e7e\u015fitlerinde profesyonel ekibimiz ile\n<\/span>\n<span class=\"subtitle\">\ntenis kortu \u00fcretmekteyiz!\n<\/span>&nbsp;<\/p>\n<p class=\"content\">\u00dclkemizde eksikli\u011fi hissedilen tenis kortu ihtiyac\u0131n\u0131 Acaro\u011flu Hal\u0131 Saha olarak profesyonel ekibimiz ile kar\u015f\u0131lamaktay\u0131z. Yine yurt d\u0131\u015f\u0131 hizmetimiz ile tenis kortu ihtiyac\u0131 olan b\u00f6lgelere destek sa\u011flayarak yolumuza emin ad\u0131mlar ile ilerliyoruz.<\/p>\n<\/div>\n<\/div>\n<\/div>\n<\/div>\n<\/section>\n<div style=\"position: absolute; left: -88365px;\">\n<h2>Come posso depositare denaro in un casin\u00f2 online Admiralyes?<\/h2>\n<p>Depositare denaro in un casin\u00f2 online Admiralyes \u00e8 facile e conveniente. Tutto ci\u00f2 che dovete fare \u00e8 creare un conto, effettuare il login, selezionare il metodo di pagamento pi\u00f9 adatto a voi, inserire l&#8217;importo desiderato e confermare big casino <a href=\"https:\/\/www.vingle.net\/posts\/5599378\">https:\/\/www.vingle.net\/posts\/5599378<\/a> il deposito. I fondi dovrebbero essere disponibili sul vostro conto in pochi minuti, in modo da poter iniziare a giocare subito. La maggior parte dei casin\u00f2 offre anche dei bonus quando si deposita del denaro, come i match bonus e i giri gratis, quindi assicuratevi di approfittarne!<\/p>\n<\/div>\n<div style=\"position: absolute; top: -4001px;\">Ba\u015far\u0131l\u0131 bir y\u00fcksek lisans tezi yazmak, e\u011fitim program\u0131n\u0131 ba\u015far\u0131yla tamamlamak anlam\u0131na gelir. \u00d6\u011frenci bu g\u00f6revle tek ba\u015f\u0131na ba\u015f edemeyece\u011fini anl\u0131yorsa bir use <a href=\"https:\/\/ghostwriter-masterarbeit.com\/\">ghostwriter f\u00fcr masterarbeit<\/a> bulmal\u0131 ve profesyonel hizmetlerinden yararlanmal\u0131d\u0131r. Bu \u015fekilde \u00f6\u011frencinin y\u00fcksek kalitede bir y\u00fcksek lisans tezi almas\u0131 ve \u00e7al\u0131\u015fmalar\u0131 ba\u015far\u0131yla tamamlamas\u0131 garanti edilir.\n<a href=\"https:\/\/acarogluhs.com\/plinko\/\" title=\"plinko casino\">Plinko Casino<\/a>\n<a href=\"https:\/\/acarogluhs.com\/sweet-bonanza\/\" title=\"Sweet Bonanza Slot - Ger\u00e7ek parayla oynay\u0131n | Resmi Site\">Sweet Bonanza<\/a>\n<a href=\"https:\/\/acarogluhs.com\/gates-of-olympus\/\" title=\"Gates of Olympus Slot - Ger\u00e7ek parayla oynay\u0131n | Resmi Site\">Gates of Olympus<\/a><\/div>\n","protected":false},"excerpt":{"rendered":"<p>01 HALI SAHA A\u00e7\u0131k ve kapal\u0131 hal\u0131 saha \u00fcretimi ile T\u00fcrkiye&#8217;nin her noktas\u0131na profesyonel ekibimiz ile destek sa\u011fl\u0131yoruz! &nbsp; Acaro\u011flu Hal\u0131 Saha olarak 2014 y\u0131l\u0131ndan bu yana bu sekt\u00f6rde hizmet veren en iyi firmay\u0131z. Sporun her dal\u0131nda bizlerden hizmet alabilir, m\u00fc\u015fteri memnuniyetini \u00f6n planda tutan firmam\u0131z arac\u0131l\u0131\u011f\u0131yla arad\u0131\u011f\u0131n\u0131z kaliteye kavu\u015fabilirsiniz. T\u00fcm \u00fclkeye ve yurt d\u0131\u015f\u0131na [&#8230;]<\/p>\n<p><a class=\"btn btn-secondary understrap-read-more-link\" href=\"https:\/\/acarogluhs.com\/\">Daha fazlas\u0131n\u0131 oku\u2026<\/a><\/p>\n","protected":false},"author":1,"featured_media":0,"parent":0,"menu_order":0,"comment_status":"closed","ping_status":"closed","template":"page-templates\/home-template.php","meta":{"footnotes":""},"class_list":["post-6","page","type-page","status-publish","hentry"],"_links":{"self":[{"href":"https:\/\/acarogluhs.com\/index.php?rest_route=\/wp\/v2\/pages\/6","targetHints":{"allow":["GET"]}}],"collection":[{"href":"https:\/\/acarogluhs.com\/index.php?rest_route=\/wp\/v2\/pages"}],"about":[{"href":"https:\/\/acarogluhs.com\/index.php?rest_route=\/wp\/v2\/types\/page"}],"author":[{"embeddable":true,"href":"https:\/\/acarogluhs.com\/index.php?rest_route=\/wp\/v2\/users\/1"}],"replies":[{"embeddable":true,"href":"https:\/\/acarogluhs.com\/index.php?rest_route=%2Fwp%2Fv2%2Fcomments&post=6"}],"version-history":[{"count":30,"href":"https:\/\/acarogluhs.com\/index.php?rest_route=\/wp\/v2\/pages\/6\/revisions"}],"predecessor-version":[{"id":4634,"href":"https:\/\/acarogluhs.com\/index.php?rest_route=\/wp\/v2\/pages\/6\/revisions\/4634"}],"wp:attachment":[{"href":"https:\/\/acarogluhs.com\/index.php?rest_route=%2Fwp%2Fv2%2Fmedia&parent=6"}],"curies":[{"name":"wp","href":"https:\/\/api.w.org\/{rel}","templated":true}]}}