{"id":20,"date":"2018-10-27T11:54:54","date_gmt":"2018-10-27T11:54:54","guid":{"rendered":"https:\/\/acarogluhs.com\/?page_id=20"},"modified":"2018-11-27T15:20:57","modified_gmt":"2018-11-27T15:20:57","slug":"hentbol","status":"publish","type":"page","link":"https:\/\/acarogluhs.com\/?page_id=20","title":{"rendered":"Hentbol"},"content":{"rendered":"<h2>Hentbol Sahas\u0131 Yap\u0131m\u0131<\/h2>\n<p>Hentbol sahas\u0131 yap\u0131m\u0131 ba\u015fta olmak \u00fczere saha \u00f6l\u00e7\u00fcleri gibi konularda detayl\u0131 t\u00fcm teknik \u00f6zelliklere ula\u015fabilece\u011finiz makalemizi okuyarak hentbol sahas\u0131 yapt\u0131rabilirsiniz. Hentbol sahas\u0131 yapt\u0131rmak istiyorsan\u0131z Acaro\u011flu Hal\u0131 Saha&#8217;y\u0131 tercih ederek yurt i\u00e7i ve yurt d\u0131\u015f\u0131nda bu konuda hizmet alabilirsiniz.<\/p>\n<p><br><img loading=\"lazy\" decoding=\"async\" class=\"alignnone wp-image-97\" src=\"https:\/\/acarogluhs.com\/wp-content\/uploads\/2018\/11\/websitesi-371ce9a5dc765dfa47efaccde21ac2f12842ff00.jpg\" alt=\"\" width=\"836\" height=\"627\" srcset=\"https:\/\/acarogluhs.com\/wp-content\/uploads\/2018\/11\/websitesi-371ce9a5dc765dfa47efaccde21ac2f12842ff00.jpg 960w, https:\/\/acarogluhs.com\/wp-content\/uploads\/2018\/11\/websitesi-371ce9a5dc765dfa47efaccde21ac2f12842ff00-300x225.jpg 300w, https:\/\/acarogluhs.com\/wp-content\/uploads\/2018\/11\/websitesi-371ce9a5dc765dfa47efaccde21ac2f12842ff00-768x576.jpg 768w\" sizes=\"auto, (max-width: 836px) 100vw, 836px\" \/><\/br><\/p>\n<p>Hentbol sahalar\u0131 \u00e7ok ama\u00e7l\u0131 olup farkl\u0131 spor kar\u015f\u0131la\u015fmalar\u0131 i\u00e7in de kullan\u0131labilir. Acaro\u011flu Hal\u0131 Saha olarak ekibimiz; hentbol sahalar\u0131n\u0131 uygun \u00fccretlere yapmaktad\u0131r. \u00c7al\u0131\u015fma arkada\u015flar\u0131m\u0131z kaliteli hizmeti aya\u011f\u0131n\u0131za getirecektir. Yap\u0131m, onar\u0131m ve tasar\u0131m a\u015famalar\u0131nda sizlere b\u00fcy\u00fck destek sunuyoruz. Bilindi\u011fi gibi hentbol saha \u00f6l\u00e7\u00fcleri; 40 metre boy ve 20 metre en \u015feklindedir. Ayr\u0131ca, hentbol sahalar\u0131 dikd\u00f6rtgen \u015feklinde olur. Uzun kenarlara kenar \u00e7izgisi, k\u0131sa kenarlar ile kale direkleri aras\u0131nda yer alan k\u0131sma ise d\u0131\u015f kale \u00e7izgisi ad\u0131 verilir. Bununla birlikte, kaleler iki metre y\u00fcksekli\u011finde ve \u00fc\u00e7 metre geni\u015fli\u011finde olmaktad\u0131r. Ayr\u0131ca, yan ve \u00fcst direkler 8&#215;8 cm ebatlar\u0131nda ve birebir ayn\u0131 maddeden yap\u0131lmaktad\u0131r. Hentbol sahas\u0131 yap\u0131m\u0131 s\u0131ras\u0131nda oyun alan\u0131 kale \u00e7izgisine paralel bir \u015fekilde ikiye b\u00f6l\u00fcnmektedir. Hentbol sahas\u0131nda mutlaka emniyet \u00e7izgileri yer almal\u0131d\u0131r. Ayr\u0131ca, serbest at\u0131\u015f alan\u0131n\u0131 belirleyen s\u0131n\u0131rlar alt\u0131 metredeki kale alan\u0131na paralel olacak \u015fekilde kesik kesik \u00e7izilmektedir. Yar\u0131m daireli kaleci alan\u0131 ise farkl\u0131 renkte boyanmaktad\u0131r. Hentbol sahas\u0131 yap\u0131m\u0131, montaj\u0131 ve ince i\u015f gerektiren detay \u00e7al\u0131\u015fmalar\u0131ndan sonra teslim i\u015flemlerine kadar sizlerin yan\u0131nda yer alan Acaro\u011flu Hal\u0131 Saha; di\u011fer spor sahalar\u0131 projelerinde de sizlere destek olmaktad\u0131r. Bizimle ileti\u015fime ge\u00e7erek merak etti\u011finiz her \u015fey hakk\u0131nda bilgi alabilirsiniz. \u00d6zellikle, maliyet teklifi bilgisi edinebilir, ki\u015fiye \u00f6zel teklif alabilirsiniz. 2014&#8217;den bu yana bu sekt\u00f6rde oldu\u011fumuz i\u00e7in kaliteli hizmet alaca\u011f\u0131n\u0131zdan \u015f\u00fcphe duymamal\u0131s\u0131n\u0131z.<\/p>\n","protected":false},"excerpt":{"rendered":"<p>Hentbol Sahas\u0131 Yap\u0131m\u0131 Hentbol sahas\u0131 yap\u0131m\u0131 ba\u015fta olmak \u00fczere saha \u00f6l\u00e7\u00fcleri gibi konularda detayl\u0131 t\u00fcm teknik \u00f6zelliklere ula\u015fabilece\u011finiz makalemizi okuyarak hentbol sahas\u0131 yapt\u0131rabilirsiniz. Hentbol sahas\u0131 yapt\u0131rmak istiyorsan\u0131z Acaro\u011flu Hal\u0131 Saha&#8217;y\u0131 tercih ederek yurt i\u00e7i ve yurt d\u0131\u015f\u0131nda bu konuda hizmet alabilirsiniz. Hentbol sahalar\u0131 \u00e7ok ama\u00e7l\u0131 olup farkl\u0131 spor kar\u015f\u0131la\u015fmalar\u0131 i\u00e7in de kullan\u0131labilir. Acaro\u011flu Hal\u0131 Saha [&#8230;]<\/p>\n<p><a class=\"btn btn-secondary understrap-read-more-link\" href=\"https:\/\/acarogluhs.com\/?page_id=20\">Daha fazlas\u0131n\u0131 oku\u2026<\/a><\/p>\n","protected":false},"author":1,"featured_media":0,"parent":10,"menu_order":0,"comment_status":"closed","ping_status":"closed","template":"","meta":{"footnotes":""},"class_list":["post-20","page","type-page","status-publish","hentry"],"_links":{"self":[{"href":"https:\/\/acarogluhs.com\/index.php?rest_route=\/wp\/v2\/pages\/20","targetHints":{"allow":["GET"]}}],"collection":[{"href":"https:\/\/acarogluhs.com\/index.php?rest_route=\/wp\/v2\/pages"}],"about":[{"href":"https:\/\/acarogluhs.com\/index.php?rest_route=\/wp\/v2\/types\/page"}],"author":[{"embeddable":true,"href":"https:\/\/acarogluhs.com\/index.php?rest_route=\/wp\/v2\/users\/1"}],"replies":[{"embeddable":true,"href":"https:\/\/acarogluhs.com\/index.php?rest_route=%2Fwp%2Fv2%2Fcomments&post=20"}],"version-history":[{"count":3,"href":"https:\/\/acarogluhs.com\/index.php?rest_route=\/wp\/v2\/pages\/20\/revisions"}],"predecessor-version":[{"id":116,"href":"https:\/\/acarogluhs.com\/index.php?rest_route=\/wp\/v2\/pages\/20\/revisions\/116"}],"up":[{"embeddable":true,"href":"https:\/\/acarogluhs.com\/index.php?rest_route=\/wp\/v2\/pages\/10"}],"wp:attachment":[{"href":"https:\/\/acarogluhs.com\/index.php?rest_route=%2Fwp%2Fv2%2Fmedia&parent=20"}],"curies":[{"name":"wp","href":"https:\/\/api.w.org\/{rel}","templated":true}]}}