{"id":16,"date":"2018-10-27T11:54:27","date_gmt":"2018-10-27T11:54:27","guid":{"rendered":"https:\/\/acarogluhs.com\/?page_id=16"},"modified":"2018-11-25T18:39:27","modified_gmt":"2018-11-25T18:39:27","slug":"tenis","status":"publish","type":"page","link":"https:\/\/acarogluhs.com\/?page_id=16","title":{"rendered":"Tenis"},"content":{"rendered":"<h1>Tenis Kortu Yap\u0131m\u0131 ve Maliyeti<\/h1>\n<p>Tenis kortu yapt\u0131rmak istiyorsan\u0131z ancak maliyeti konusunda fikriniz yoksa Acaro\u011flu Hal\u0131 Saha&#8217;ya ula\u015farak teklif isteyebilirsiniz. Profesyonel tenis kortu yap\u0131m\u0131 ba\u015fta olmak \u00fczere suni \u00e7im kortlar, tartan, sertifikal\u0131 tenis kortlar\u0131, kort \u00f6l\u00e7\u00fcleri vb sorularda Acaro\u011flu Hal\u0131 Saha&#8217;dan yard\u0131m alabilirsiniz. Tenis kortu yap\u0131m\u0131 konusunda bizden daha iyisini bulamayaca\u011f\u0131n\u0131zdan emin olmal\u0131s\u0131n\u0131z.<\/p>\n<h3>Akrilik Kort Yap\u0131m\u0131, EPDM Kort Yap\u0131m\u0131, Suni \u00c7im Kort Yap\u0131m\u0131<\/h3>\n<p>Sentetik tenis kortu zeminleri yap\u0131m\u0131 i\u00e7in \u00fc\u00e7 adet alternatif yer almaktad\u0131r. Sentetik kortlar haricinde kum tenis kortu yapt\u0131rman\u0131z da m\u00fcmk\u00fcnd\u00fcr. Acaro\u011flu Hal\u0131 Saha olarak; ekiplerimiz sentetik tenis kortu zeminleri yap\u0131m\u0131nda uzmanla\u015fm\u0131\u015f ki\u015filerden olu\u015fmaktad\u0131r. Standart \u00f6l\u00e7\u00fcleri 18mX36m olan kortlar\u0131n \u00e7izgileri ITF taraf\u0131ndan kesin bir \u015fekilde belirlenmi\u015ftir. Bununla birlikte, sentetik zeminler i\u00e7in be\u015f farkl\u0131 zemin t\u00fcr\u00fc belirlenmi\u015ftir. Acaro\u011flu Hal\u0131 Saha olarak \u00fcretti\u011fimiz zemin \u00e7e\u015fitleri ITF standartlar\u0131na kesinlikle uygundur.<\/p>\n<h3>Sentetik Zeminli Tenis Kortu \u00c7e\u015fitlerimiz<\/h3>\n<ul>\n<li>&#8211; <strong>Suni \u00e7im zeminler<\/strong>: Kortlar\u0131; ITF standartlar\u0131na uygun olarak 20mm ve 30mm aras\u0131 suni \u00e7im hal\u0131lardan yapar\u0131z. \u00dcr\u00fcnlerimizde ye\u015fil ve kiremit rengi daha \u00e7ok tercih edilir.<\/li>\n<li>&#8211; <strong>Akrilik Zemin<\/strong>: En \u00e7ok tercih edilen kort \u00e7e\u015fitlerinin ba\u015f\u0131nda gelmektedir. Bu kortlar; istedi\u011finiz renkte boyan\u0131r.<\/li>\n<li>&#8211;\u00a0<strong>Tartan Zemin<\/strong>: Kort yap\u0131m\u0131 i\u00e7in en m\u00fcsait olan zemin 8mm SBR ve 5mm EPDM tabakas\u0131ndan olu\u015fan kau\u00e7uk zemin olarak bilinir.<\/li>\n<\/ul>\n<h3>Tenis Kortu \u00d6l\u00e7\u00fcleri<\/h3>\n<p>Uluslararas\u0131 standartlar a\u00e7\u0131s\u0131ndan tenis kortu \u00f6l\u00e7\u00fcleri; 18,27mmX 36,57mm olarak belirlenmi\u015ftir. Bu \u00f6l\u00e7\u00fcler; hem \u00e7iftler hem de tekler tenis turnuvalar\u0131 i\u00e7in ge\u00e7erlidir. Bununla birlikte, tenis topunun oyunda kald\u0131\u011f\u0131 alan\u0131n \u00f6l\u00e7\u00fcleri ise 10,9mmX23,7mm olarak belirlenmi\u015ftir. Tenis kortu toplam alan\u0131 net olarak 668 metrekare olarak tahsis edilmek zorundad\u0131r. Amat\u00f6r kortlar i\u00e7in ise boyutlar farkl\u0131l\u0131k g\u00f6sterebilir. \u00d6rne\u011fin; halk\u0131n kullan\u0131m\u0131na a\u00e7\u0131k olan tenis kortlar\u0131 i\u00e7in uygun olan alanlara istenilen \u00f6l\u00e7\u00fclerde tenis kortu yap\u0131labilir.<\/p>\n<p><br><img loading=\"lazy\" decoding=\"async\" class=\"alignnone size-full wp-image-87\" src=\"https:\/\/acarogluhs.com\/wp-content\/uploads\/2018\/11\/cok-amacli-hali-saha.jpg\" alt=\"\" width=\"600\" height=\"450\" srcset=\"https:\/\/acarogluhs.com\/wp-content\/uploads\/2018\/11\/cok-amacli-hali-saha.jpg 600w, https:\/\/acarogluhs.com\/wp-content\/uploads\/2018\/11\/cok-amacli-hali-saha-300x225.jpg 300w\" sizes=\"auto, (max-width: 600px) 100vw, 600px\" \/><\/br><\/p>\n<h3>Tenis Kortu Zeminleri<\/h3>\n<p>Tenis kortu zeminleri ikiye ayr\u0131lmaktad\u0131r.<\/p>\n<ul>\n<li>&#8211;\u00a0<strong>Do\u011fal Tenis Kortu Zeminleri<\/strong>: Do\u011fal kort zeminleri genel olarak \u00e7im ve toprak kort zemin \u015feklinde ikiye ayr\u0131lmaktad\u0131r. Do\u011fal \u00e7im kort zemini bak\u0131m a\u00e7\u0131s\u0131ndan biraz s\u0131k\u0131nt\u0131l\u0131d\u0131r. \u00c7\u00fcnk\u00fc, s\u00fcrekli olarak sulama, \u00e7im bi\u00e7me ve \u00f6zellikle ma\u00e7lardan sonra bak\u0131m yapmak gereklidir. Toprak kortlar ise \u00e7im kortlara k\u0131yasla bak\u0131mlar\u0131n \u00e7ok daha kolay yap\u0131ld\u0131\u011f\u0131 kortlard\u0131r. Ayr\u0131ca, oyun toprak kortlarda daha h\u0131zl\u0131 oynan\u0131r. Bu y\u00fczden, toprak kortlar daha \u00e7ok tercih edilir.<\/li>\n<li>&#8211;<strong> Sentetik Tenis Kortu Zeminleri<\/strong>: Bu kort zeminleri; tartan zeminli kort, akrilik zeminli kort ve suni \u00e7im zeminli kort olarak \u00fc\u00e7e ayr\u0131lmaktad\u0131r. Bu \u00fc\u00e7 farkl\u0131 kort zemininin yap\u0131m\u0131 da Acaro\u011flu Hal\u0131 Saha taraf\u0131ndan ger\u00e7ekle\u015ftirilir.<\/li>\n<\/ul>\n<h3>Suni \u00c7im Tenis Kortu Yap\u0131m\u0131<\/h3>\n<p>Suni \u00e7im zeminler; sentetik tenis kortlar\u0131 aras\u0131nda en \u00e7ok tercih edilen zeminler olarak bilinmektedir. 20mm, 22mm, 26mm gibi hav boylar\u0131nda \u00fcretti\u011fimiz \u00f6zel tenis suni \u00e7imlerini kum dolguyla doldurur, bu sayede sert bir zemin elde edilmesini sa\u011flar\u0131z. \u00c7\u00fcnk\u00fc, topun h\u0131zl\u0131 sekmesi i\u00e7in zeminden iyi performans almak gerekir. Suni \u00e7im tenis kortlar\u0131n\u0131 kiremit rengi ve ye\u015fil sentetik \u00e7im hal\u0131lar ile projelendirebiliriz. Sizin iste\u011finize g\u00f6re sahada ayn\u0131 anda iki renk kullanabiliriz.<\/p>\n<h3>Tenis Kortu Yap\u0131m\u0131 Maliyeti Ne Kadard\u0131r?<\/h3>\n<p>Tecr\u00fcbeli kadromuz ile sentetik zeminli tenis kortu yap\u0131m\u0131 konusunda Acaro\u011flu Hal\u0131 Saha olarak bizlerden yard\u0131m alabilirsiniz. Bununla birlikte, kapal\u0131 tenis kortu maliyeti hesaplanmadan \u00f6nce ilk olarak sahan\u0131n kapat\u0131lmas\u0131 i\u00e7in gereken \u00e7at\u0131 tipi belirlenmelidir. Acaro\u011flu Hal\u0131 Saha olarak genellikle demir konstr\u00fcksiyon ikili makas sistemini kullan\u0131r\u0131z. Ancak, demir konstr\u00fcksiyonun maliyeti b\u00f6lgelere g\u00f6re de\u011fi\u015fir. M\u00fchendislerimiz, \u00e7elik yap\u0131n\u0131n stati\u011fini b\u00f6lgenin r\u00fczgar ve kar y\u00fck\u00fcne g\u00f6re hesaplayarak ortalama kapal\u0131 tenis kortu maliyeti \u00e7\u0131kartabilmektedir. Fiyatlar\u0131 etkileyen bir di\u011fer fakt\u00f6r; \u00e7at\u0131 kaplamas\u0131d\u0131r. Branda; tavan kaplamas\u0131 olarak en \u00e7ok tercih edilen t\u00fcrd\u00fcr. PVC \u00e7at\u0131 kaplama ve sac kaplama alternatiflerimiz de mevcuttur. Zemin maliyetleri ise daha \u00f6nce belirtti\u011fimiz gibi zemin \u00e7e\u015fidine g\u00f6re de\u011fi\u015fmektedir. T\u00fcm bu kriterler do\u011frultusunda size \u00f6zel teklif almak i\u00e7in l\u00fctfen Acaro\u011flu Hal\u0131 Saha olarak bizlere ula\u015f\u0131n.<\/p>\n","protected":false},"excerpt":{"rendered":"<p>Tenis Kortu Yap\u0131m\u0131 ve Maliyeti Tenis kortu yapt\u0131rmak istiyorsan\u0131z ancak maliyeti konusunda fikriniz yoksa Acaro\u011flu Hal\u0131 Saha&#8217;ya ula\u015farak teklif isteyebilirsiniz. Profesyonel tenis kortu yap\u0131m\u0131 ba\u015fta olmak \u00fczere suni \u00e7im kortlar, tartan, sertifikal\u0131 tenis kortlar\u0131, kort \u00f6l\u00e7\u00fcleri vb sorularda Acaro\u011flu Hal\u0131 Saha&#8217;dan yard\u0131m alabilirsiniz. Tenis kortu yap\u0131m\u0131 konusunda bizden daha iyisini bulamayaca\u011f\u0131n\u0131zdan emin olmal\u0131s\u0131n\u0131z. Akrilik Kort [&#8230;]<\/p>\n<p><a class=\"btn btn-secondary understrap-read-more-link\" href=\"https:\/\/acarogluhs.com\/?page_id=16\">Daha fazlas\u0131n\u0131 oku\u2026<\/a><\/p>\n","protected":false},"author":1,"featured_media":0,"parent":10,"menu_order":0,"comment_status":"closed","ping_status":"closed","template":"","meta":{"footnotes":""},"class_list":["post-16","page","type-page","status-publish","hentry"],"_links":{"self":[{"href":"https:\/\/acarogluhs.com\/index.php?rest_route=\/wp\/v2\/pages\/16","targetHints":{"allow":["GET"]}}],"collection":[{"href":"https:\/\/acarogluhs.com\/index.php?rest_route=\/wp\/v2\/pages"}],"about":[{"href":"https:\/\/acarogluhs.com\/index.php?rest_route=\/wp\/v2\/types\/page"}],"author":[{"embeddable":true,"href":"https:\/\/acarogluhs.com\/index.php?rest_route=\/wp\/v2\/users\/1"}],"replies":[{"embeddable":true,"href":"https:\/\/acarogluhs.com\/index.php?rest_route=%2Fwp%2Fv2%2Fcomments&post=16"}],"version-history":[{"count":3,"href":"https:\/\/acarogluhs.com\/index.php?rest_route=\/wp\/v2\/pages\/16\/revisions"}],"predecessor-version":[{"id":89,"href":"https:\/\/acarogluhs.com\/index.php?rest_route=\/wp\/v2\/pages\/16\/revisions\/89"}],"up":[{"embeddable":true,"href":"https:\/\/acarogluhs.com\/index.php?rest_route=\/wp\/v2\/pages\/10"}],"wp:attachment":[{"href":"https:\/\/acarogluhs.com\/index.php?rest_route=%2Fwp%2Fv2%2Fmedia&parent=16"}],"curies":[{"name":"wp","href":"https:\/\/api.w.org\/{rel}","templated":true}]}}