{"id":14,"date":"2018-10-27T11:53:58","date_gmt":"2018-10-27T11:53:58","guid":{"rendered":"https:\/\/acarogluhs.com\/?page_id=14"},"modified":"2018-11-27T15:20:05","modified_gmt":"2018-11-27T15:20:05","slug":"futbol","status":"publish","type":"page","link":"https:\/\/acarogluhs.com\/?page_id=14","title":{"rendered":"Futbol"},"content":{"rendered":"<h2><strong>A\u00e7\u0131k Hal\u0131 Saha Yap\u0131m\u0131<\/strong><\/h2>\n<p>Acaro\u011flu Hal\u0131 Saha olarak 2014 y\u0131l\u0131ndan bu yana bu sekt\u00f6rde hizmet veren en iyi firmay\u0131z. Sporun her dal\u0131nda bizlerden hizmet alabilir, m\u00fc\u015fteri memnuniyetini \u00f6n planda tutan firmam\u0131z arac\u0131l\u0131\u011f\u0131yla arad\u0131\u011f\u0131n\u0131z kaliteye kavu\u015fabilirsiniz. T\u00fcm \u00fclkeye ve yurt d\u0131\u015f\u0131na hizmet veren Acaro\u011flu Hal\u0131 Saha&#8217;y\u0131 istedi\u011finiz zaman arayarak bizlerden maliyet konusunda bilgi alabilirsiniz.<\/p>\n<p>&nbsp;<\/p>\n<h3>A\u00e7\u0131k Hal\u0131 Saha Yap\u0131m\u0131 \u0130\u00e7in Gereken Malzemeler<\/h3>\n<p>A\u00e7\u0131k hal\u0131 saha yap\u0131m\u0131; sizlere belirli bir proje do\u011frultusunda kaliteden \u00f6d\u00fcn vermeden ucuz maliyetli teslimat i\u00e7ermektedir. Hal\u0131 sahan\u0131zda uzun s\u00fcreyle futbol oynamak istiyorsan\u0131z, hal\u0131 saha turnuvalar\u0131 d\u00fczenlemek istiyorsan\u0131z bunun i\u00e7in sizlere FIFA standartlar\u0131na uygun olan suni \u00e7im kullan\u0131larak saha \u00f6l\u00e7\u00fclerinize uygun olan gran\u00fcl ve kum oranlar\u0131n\u0131 eksiksiz bi\u00e7imde teslim ediyoruz. Dayan\u0131kl\u0131 ve ekonomik hal\u0131 saha maliyeti i\u00e7in Acaro\u011flu Hal\u0131 Saha&#8217;dan maliyet teklifi alabilirsiniz. Hal\u0131 saha yap\u0131m\u0131 i\u00e7in kullan\u0131lan malzemelerden bahsetmemiz gerekirse;<\/p>\n<ul>\n<li>&#8211; Zemin i\u00e7in gereken m\u0131c\u0131r temini ve uygulanmas\u0131 firmam\u0131z\u0131n verece\u011fi teknik tarif do\u011frultusunda T\u00fcrkiye&#8217;nin her yerinde de\u011fi\u015fti\u011finden ve sizlere ekonomik maliyetler yaratabilmemiz i\u00e7in sizler taraf\u0131ndan haz\u0131r duruma getirilmelidir.<\/li>\n<li>&#8211; A\u00e7\u0131k hal\u0131 sahalarda \u00fc\u00e7er metre arayla 76&#8217;l\u0131k dikey dikmeler hal\u0131 saha \u00e7evresine dikilmektedir. Hemen ard\u0131ndan alt, orta ve \u00fcst kay\u0131tlar kaynat\u0131larak sabitlenmektedir.<\/li>\n<li>&#8211; Hal\u0131 saha yap\u0131m\u0131 i\u00e7in gerekli olan PVC kaplama galvaniz 50X50 mm tel \u00f6rg\u00fc; sahan\u0131n d\u00f6rt taraf\u0131 boyunca \u00e7evrelenir.<\/li>\n<li>&#8211; Suni \u00e7im hal\u0131; hal\u0131 sahan\u0131z\u0131n bulundu\u011fu \u015fartlar dikkate al\u0131narak sizin istedi\u011finiz renklerde ve projenize uygun olan \u00f6l\u00e7\u00fclerde \u00fcretilerek kullan\u0131lmaktad\u0131r.<\/li>\n<li>&#8211; Suni \u00e7im hal\u0131 montaj\u0131 s\u0131ras\u0131nda yan malzemeler ve dolgu malzemeleri; silika kum, sbr gran\u00fcl, ke\u00e7e, \u00e7ift komponentli suni \u00e7im yap\u0131\u015ft\u0131r\u0131c\u0131s\u0131 ve helmetin bezi kullan\u0131lmaktad\u0131r.<\/li>\n<li>&#8211; Tampon a\u011flar, a\u00e7\u0131k hal\u0131 saha tavan a\u011f\u0131, kale a\u011flar\u0131 ve futbol kaleleri sahan\u0131za uygun \u00f6l\u00e7\u00fclerde \u00f6zel olarak \u00fcretilmektedir.<\/li>\n<li>&#8211; Hal\u0131 saha ayd\u0131nlatmas\u0131 yap\u0131l\u0131rken sahan\u0131z\u0131n b\u00fcy\u00fckl\u00fc\u011f\u00fc do\u011frultusunda say\u0131s\u0131 de\u011fi\u015fecek olan 400W hal\u0131 saha ayd\u0131nlatmas\u0131 standart bi\u00e7imde kullan\u0131lmaktad\u0131r. LED ayd\u0131nlatma kullan\u0131rsak 100W daha az elektrik t\u00fcketen \u00fcr\u00fcn kullan\u0131lm\u0131\u015f olur.<\/li>\n<li>&#8211; Hal\u0131 saha yap\u0131m\u0131n\u0131 tamamlad\u0131\u011f\u0131m\u0131zda herkesin g\u00f6rebilece\u011fi \u015fekilde orta sahan\u0131n merkezine, darbelere ve d\u0131\u015f etkenlere dayan\u0131kl\u0131 kasas\u0131 olan hal\u0131 saha tipi 80X120 cm skorboard monte edilmektedir.<\/li>\n<\/ul>\n<p>&nbsp;<\/p>\n<p>&nbsp;<\/p>\n<h3>A\u00e7\u0131k Hal\u0131 Saha Maliyetini Etkileyen Fakt\u00f6rler<\/h3>\n<p>A\u00e7\u0131k hal\u0131 saha maliyeti; hal\u0131 sahan\u0131n yer ald\u0131\u011f\u0131 b\u00f6lgeye ve hava \u015fartlar\u0131na g\u00f6re de\u011fi\u015fmektedir. Ya\u011fmur yo\u011funlu\u011fu, nakliye bedelleri, m2&#8217;ye d\u00fc\u015fen kar kal\u0131nl\u0131\u011f\u0131, sahan\u0131n yer ald\u0131\u011f\u0131 b\u00f6lgedeki co\u011frafi y\u00fckseklik ve sahan\u0131n d\u0131\u015ftan d\u0131\u015fa \u00f6l\u00e7\u00fcleri gibi fakt\u00f6rler; a\u00e7\u0131k hal\u0131 saha maliyetini do\u011frudan etkilemektedir. B\u00f6lgenin \u00f6zelliklerine g\u00f6re saha uygulamada kullan\u0131lacak olan malzemeler farkl\u0131l\u0131k g\u00f6sterdi\u011fi i\u00e7in d\u00fc\u015f\u00fck veya y\u00fcksek maliyet s\u00f6z konusu olmaktad\u0131r.<\/p>\n<p>&nbsp;<\/p>\n<h3>A\u00e7\u0131k Hal\u0131 Saha Genel G\u00f6r\u00fcn\u00fcm<\/h3>\n<p><img loading=\"lazy\" decoding=\"async\" class=\"alignnone size-full wp-image-69\" src=\"https:\/\/acarogluhs.com\/wp-content\/uploads\/2018\/11\/hali-saha-yapimi.jpg\" alt=\"\" width=\"800\" height=\"600\" srcset=\"https:\/\/acarogluhs.com\/wp-content\/uploads\/2018\/11\/hali-saha-yapimi.jpg 800w, https:\/\/acarogluhs.com\/wp-content\/uploads\/2018\/11\/hali-saha-yapimi-300x225.jpg 300w, https:\/\/acarogluhs.com\/wp-content\/uploads\/2018\/11\/hali-saha-yapimi-768x576.jpg 768w\" sizes=\"auto, (max-width: 800px) 100vw, 800px\" \/><\/p>\n<p>&nbsp;<\/p>\n<p>&nbsp;<\/p>\n<h3>Suni \u00c7im Hal\u0131 Detay Kesit<\/h3>\n<p><img loading=\"lazy\" decoding=\"async\" class=\"alignnone wp-image-70\" src=\"https:\/\/acarogluhs.com\/wp-content\/uploads\/2018\/11\/granul.jpg\" alt=\"\" width=\"839\" height=\"669\" srcset=\"https:\/\/acarogluhs.com\/wp-content\/uploads\/2018\/11\/granul.jpg 1200w, https:\/\/acarogluhs.com\/wp-content\/uploads\/2018\/11\/granul-300x239.jpg 300w, https:\/\/acarogluhs.com\/wp-content\/uploads\/2018\/11\/granul-768x612.jpg 768w, https:\/\/acarogluhs.com\/wp-content\/uploads\/2018\/11\/granul-1024x817.jpg 1024w\" sizes=\"auto, (max-width: 839px) 100vw, 839px\" \/><\/p>\n<p>&nbsp;<\/p>\n<p>&nbsp;<\/p>\n<h3>Hal\u0131 Saha \u00d6l\u00e7\u00fcleri<\/h3>\n<ul>\n<li>18m * 36m = 648\u00a0m\u00b2 (\u00e7ok ama\u00e7l\u0131)<\/li>\n<li>20m * 40m = 800 m\u00b2<\/li>\n<li>25m * 40m = 1000 m\u00b2<\/li>\n<li>25m * 45m = 1125 m\u00b2<\/li>\n<li>27m * 47m = 1269 m\u00b2<\/li>\n<li>30m * 50m = 1500 m\u00b2<\/li>\n<li>32m * 52m = 1664 m\u00b2<\/li>\n<\/ul>\n<p>Daha b\u00fcy\u00fck \u00f6l\u00e7\u00fclerdeki sahalar ticari kullan\u0131m ama\u00e7lar\u0131 i\u00e7in ve amat\u00f6r futbol severler i\u00e7in uygun de\u011fildir.<\/p>\n<p><strong>En uygun hal\u0131 saha \u00f6l\u00e7\u00fcleri takriben\u00a030m * 50m\u00a0<\/strong>olarak kabul edilir.<\/p>\n<p><img loading=\"lazy\" decoding=\"async\" class=\"alignnone size-full wp-image-71\" src=\"https:\/\/acarogluhs.com\/wp-content\/uploads\/2018\/11\/mini-football-field-dimensions.gif\" alt=\"\" width=\"690\" height=\"403\" \/><\/p>\n<p>&nbsp;<\/p>\n<p>&nbsp;<\/p>\n<h3>A\u00e7\u0131k Hal\u0131 Saha Yap\u0131m\u0131 Ek Hizmetler<\/h3>\n<p>Hal\u0131 sahan\u0131z ba\u015fta olmak \u00fczere spor alanlar\u0131n\u0131za ve stad projelerinize uygun teknik \u015fartnamelere uymak ko\u015fuluyla skorboardlar ve yedek kul\u00fcbeleri taraf\u0131m\u0131zdan sizlere eksiksiz olarak teslim edilmektedir.<\/p>\n<p>&nbsp;<\/p>\n<p>&nbsp;<\/p>\n<h3>Teslim \u015eartlar\u0131 ve S\u00fcresi<\/h3>\n<p>Firmam\u0131z; spor sahalar\u0131n\u0131z\u0131n ne zaman teslim edilece\u011fini s\u00f6zle\u015fme tarihi, sahan\u0131n yer ald\u0131\u011f\u0131 b\u00f6lgedeki hava \u015fartlar\u0131, sizlerin \u00f6zel olarak istedi\u011fi imalatlar\u0131 g\u00f6z \u00f6n\u00fcne alarak belirler. Bununla birlikte, teslimat s\u00fcresini belirlerken yat\u0131r\u0131m\u0131n\u0131z\u0131n kar\u015f\u0131l\u0131\u011f\u0131n\u0131 en k\u0131sa zamanda alman\u0131z i\u00e7in \u00e7aba g\u00f6steririz.<\/p>\n<p>&nbsp;<\/p>\n<p>&nbsp;<\/p>\n<h3>Temizlik ve Bak\u0131m<\/h3>\n<p>Firmam\u0131z taraf\u0131ndan haz\u0131rlanan ve garanti belgesi i\u00e7erisinde yer alan bak\u0131m talimatlar\u0131na uyarak t\u00fcm i\u015flemlerimizi ger\u00e7ekle\u015ftiririz. Siz de istedi\u011finiz takdirde faydalanabilece\u011finiz bak\u0131m s\u00f6zle\u015fmesi do\u011frultusunda \u00fcr\u00fcnlerinizin kullan\u0131m s\u00fcrelerini ve verimlili\u011fini uzatabilirsiniz.<\/p>\n<p>&nbsp;<\/p>\n<p>&nbsp;<\/p>\n<h3>Garanti \u015eartlar\u0131<\/h3>\n<p>Sahan\u0131zda kullan\u0131lacak olan suni \u00e7imin hav y\u00fcksekli\u011fi do\u011frultusunda 20 mm&#8217;den 60 mm&#8217;ye kadar belirtilmi\u015f y\u0131ll\u0131k garanti s\u00fcreleri; firmam\u0131zca i\u015f bitti\u011fi zaman sizlere ka\u015feli ve imzal\u0131 olarak teslim edilecektir. Ancak, bak\u0131m talimatlar\u0131na uymad\u0131\u011f\u0131n\u0131z takdirde garanti kapsam\u0131 d\u0131\u015f\u0131nda kalaca\u011f\u0131n\u0131z\u0131n bilincinde olmal\u0131s\u0131n\u0131z.<\/p>\n<p>&nbsp;<\/p>\n<p>&nbsp;<\/p>\n<h3>Teslimden Sonra Verilen Destek Hizmeti<\/h3>\n<p>Hal\u0131 sahan\u0131z\u0131 size teslim ettikten sonra garanti s\u00fcreleri i\u00e7erisinde yer alan zaman diliminde t\u00fcm sorumluluk \u015fahs\u0131m\u0131za aittir. Garanti d\u0131\u015f\u0131 kapsam\u0131nda de\u011ferlendirilebilecek unsurlardan firmam\u0131z sorumlu de\u011fildir.<\/p>\n","protected":false},"excerpt":{"rendered":"<p>A\u00e7\u0131k Hal\u0131 Saha Yap\u0131m\u0131 Acaro\u011flu Hal\u0131 Saha olarak 2014 y\u0131l\u0131ndan bu yana bu sekt\u00f6rde hizmet veren en iyi firmay\u0131z. Sporun her dal\u0131nda bizlerden hizmet alabilir, m\u00fc\u015fteri memnuniyetini \u00f6n planda tutan firmam\u0131z arac\u0131l\u0131\u011f\u0131yla arad\u0131\u011f\u0131n\u0131z kaliteye kavu\u015fabilirsiniz. T\u00fcm \u00fclkeye ve yurt d\u0131\u015f\u0131na hizmet veren Acaro\u011flu Hal\u0131 Saha&#8217;y\u0131 istedi\u011finiz zaman arayarak bizlerden maliyet konusunda bilgi alabilirsiniz. &nbsp; A\u00e7\u0131k [&#8230;]<\/p>\n<p><a class=\"btn btn-secondary understrap-read-more-link\" href=\"https:\/\/acarogluhs.com\/?page_id=14\">Daha fazlas\u0131n\u0131 oku\u2026<\/a><\/p>\n","protected":false},"author":1,"featured_media":0,"parent":10,"menu_order":0,"comment_status":"closed","ping_status":"closed","template":"","meta":{"footnotes":""},"class_list":["post-14","page","type-page","status-publish","hentry"],"_links":{"self":[{"href":"https:\/\/acarogluhs.com\/index.php?rest_route=\/wp\/v2\/pages\/14","targetHints":{"allow":["GET"]}}],"collection":[{"href":"https:\/\/acarogluhs.com\/index.php?rest_route=\/wp\/v2\/pages"}],"about":[{"href":"https:\/\/acarogluhs.com\/index.php?rest_route=\/wp\/v2\/types\/page"}],"author":[{"embeddable":true,"href":"https:\/\/acarogluhs.com\/index.php?rest_route=\/wp\/v2\/users\/1"}],"replies":[{"embeddable":true,"href":"https:\/\/acarogluhs.com\/index.php?rest_route=%2Fwp%2Fv2%2Fcomments&post=14"}],"version-history":[{"count":12,"href":"https:\/\/acarogluhs.com\/index.php?rest_route=\/wp\/v2\/pages\/14\/revisions"}],"predecessor-version":[{"id":114,"href":"https:\/\/acarogluhs.com\/index.php?rest_route=\/wp\/v2\/pages\/14\/revisions\/114"}],"up":[{"embeddable":true,"href":"https:\/\/acarogluhs.com\/index.php?rest_route=\/wp\/v2\/pages\/10"}],"wp:attachment":[{"href":"https:\/\/acarogluhs.com\/index.php?rest_route=%2Fwp%2Fv2%2Fmedia&parent=14"}],"curies":[{"name":"wp","href":"https:\/\/api.w.org\/{rel}","templated":true}]}}