{"id":12,"date":"2018-10-27T11:53:28","date_gmt":"2018-10-27T11:53:28","guid":{"rendered":"https:\/\/acarogluhs.com\/?page_id=12"},"modified":"2018-11-27T15:20:18","modified_gmt":"2018-11-27T15:20:18","slug":"basketbol","status":"publish","type":"page","link":"https:\/\/acarogluhs.com\/?page_id=12","title":{"rendered":"Basketbol"},"content":{"rendered":"<h2>Basketbol Sahas\u0131 Yap\u0131m\u0131 Teknik \u015eartnamesi<\/h2>\n<p>Saha yap\u0131m maliyetleri ba\u015fta olmak \u00fczere basketbol sahas\u0131 yap\u0131m\u0131 teknik \u015fartnamesi gibi konularda 2014&#8217;den bu yana hizmet veren Acaro\u011flu Hal\u0131 Saha&#8217;n\u0131n tecr\u00fcbesinden yararlanabilirsiniz. Basketbol sahas\u0131 yap\u0131m\u0131n\u0131n ne kadar tutaca\u011f\u0131na dair bilgi almak istiyorsan\u0131z ister yurt i\u00e7i, isterseniz de yurt d\u0131\u015f\u0131ndan Acaro\u011flu Hal\u0131 Saha ile ileti\u015fim kurabilirsiniz. Bu konuda en iyi hizmeti bizim verdi\u011fimizden \u015f\u00fcpheniz olmamal\u0131d\u0131r.<\/p>\n<h3>Basketbol Sahas\u0131 Yap\u0131m\u0131 Altyap\u0131 \u0130\u015fleri<\/h3>\n<p>\u00d6ncelikle basketbol sahas\u0131n\u0131n yap\u0131laca\u011f\u0131 alanda aplikasyon \u00e7al\u0131\u015fmas\u0131 yapar\u0131z. Ard\u0131ndan zemin s\u0131f\u0131r koduna gelecek \u015fekilde tesviye ederiz. Hafriyat \u00e7al\u0131\u015fmas\u0131 yapt\u0131ktan sonra \u00e7evre hat\u0131l\u0131 i\u00e7in 25cm derinlikte kaz\u0131 yapar\u0131z. Kaz\u0131 yapt\u0131\u011f\u0131m\u0131z yerde 25cm geni\u015fli\u011finde ve 50cm y\u00fcksekli\u011finde \u00e7ift y\u00fczeyli ah\u015fap kal\u0131p ba\u011flar\u0131z. Kal\u0131b\u0131n i\u00e7erisine 10mm \u00e7apl\u0131 \u00fc\u00e7 alt \u00fc\u00e7 \u00fcst olmak \u00fczere demir donat\u0131 yerle\u015ftiririz. Yerle\u015ftirdi\u011fimiz demir donat\u0131ya 25cm arayla 8 mm \u00e7apl\u0131 etriyeler ba\u011flar\u0131z. Etriyeleri ba\u011flad\u0131ktan sonra \u00e7evre direklerin gelece\u011fi yere 3m arayla ankraj borular\u0131n\u0131 kal\u0131p i\u00e7erisinde demir donat\u0131ya sabitleriz. \u00c7evre kal\u0131plar\u0131na BS 20 haz\u0131r beton d\u00f6kerek betonarme hat\u0131l olu\u015ftururuz.<\/p>\n<h3>Zemin Dolgu T\u00fcrleri<\/h3>\n<p>Beton zemin i\u00e7in, beton hat\u0131l\u0131n \u00e7evreledi\u011fi sahan\u0131n i\u00e7erisine 5cm 2 nolu k\u0131rmata\u015f sererek tesviyesini yapar\u0131z. Asfalt zemin i\u00e7in, beton hat\u0131l\u0131n \u00e7evreledi\u011fi sahan\u0131n i\u00e7erisine 10-15 cm stabilize malzeme ya da plentmix dolgu yaparak vibrasyonlu silindir ile s\u0131k\u0131la\u015ft\u0131r\u0131r\u0131z. Beton \u00fczeri asfalt zemin i\u00e7in, yine ayn\u0131 \u015fekilde beton hat\u0131l\u0131n \u00e7evreledi\u011fi sahan\u0131n i\u00e7erisine 5cm 2 nolu k\u0131rmata\u015f sererek tesviyesini yapar\u0131z.<\/p>\n<p><img loading=\"lazy\" decoding=\"async\" class=\"alignnone size-full wp-image-83\" src=\"https:\/\/acarogluhs.com\/wp-content\/uploads\/2018\/11\/Basketbol_sahasi_nasil_yapilir.jpg\" alt=\"\" width=\"800\" height=\"600\" srcset=\"https:\/\/acarogluhs.com\/wp-content\/uploads\/2018\/11\/Basketbol_sahasi_nasil_yapilir.jpg 800w, https:\/\/acarogluhs.com\/wp-content\/uploads\/2018\/11\/Basketbol_sahasi_nasil_yapilir-300x225.jpg 300w, https:\/\/acarogluhs.com\/wp-content\/uploads\/2018\/11\/Basketbol_sahasi_nasil_yapilir-768x576.jpg 768w\" sizes=\"auto, (max-width: 800px) 100vw, 800px\" \/><\/p>\n<h3>Basketbol Sahas\u0131 Demir \u0130\u015fleri Yap\u0131m\u0131<\/h3>\n<p>Altyap\u0131y\u0131 tamamlad\u0131ktan sonra beton hat\u0131la ankre etti\u011fimiz borulara 4m y\u00fcksekli\u011finde borular\u0131 dikey olarak kaynakla monte ederiz. Dikmelere \u00fc\u00e7 s\u0131ra olmak \u00fczere 60X2mm borular\u0131 yatay olarak kaynakla monte ederiz. K\u0131sa ve uzun kenarlara, k\u00f6\u015felere ise 60x2mm borular\u0131 diyagonal olarak kaynakla ba\u011flar\u0131z. Ayd\u0131nlatma i\u015flemleri i\u00e7in sahan\u0131n uzun kenarlar\u0131na toplam d\u00f6rt adet olmak \u00fczere 5m y\u00fcksekli\u011finde borular\u0131 merdivenli olarak konstr\u00fcksiyona kaynakla ba\u011flar\u0131z. Konstr\u00fcksiyona ise istenilen yerde 60x2mm borudan bir adet mente\u015feli kap\u0131 yapar\u0131z. Yapt\u0131\u011f\u0131m\u0131z t\u00fcm demir imalat\u0131m\u0131z\u0131 koruyucu ve \u00f6nleyici \u00f6zellik ta\u015f\u0131yan sentetik re\u00e7ineli \u00f6zel metal antipas boyayla nefti ye\u015fil renginde boyar\u0131z.<\/p>\n<h3>Basketbol Sahas\u0131 Tel \u00d6rg\u00fc Yap\u0131m\u0131<\/h3>\n<p>\u00d6ncelikle saha etraf\u0131n\u0131 4m y\u00fcksekli\u011finde, 3.5mm kal\u0131nl\u0131\u011f\u0131nda, 40x40mm g\u00f6z aral\u0131\u011f\u0131nda galvenizli PVC kapl\u0131 helezon tel \u00f6rg\u00fcyle kaplar\u0131z. Ard\u0131ndan, tel \u00f6rg\u00fcy\u00fc gerdirip ba\u011flant\u0131lar\u0131 yapt\u0131ktan sonra saha etraf\u0131na iki s\u0131ra tel gelecek \u015fekilde 5mm \u00e7elik halat gerdiririz, gerdirdi\u011fimiz \u00e7elik halatlar\u0131 klemenslerle sabitleriz.<\/p>\n<h3>Ayd\u0131nlatma ve Elektrik \u0130\u015fleri<\/h3>\n<p>Bu i\u015flemler opsiyoneldir. Merdivenli olarak imal etti\u011fimiz projekt\u00f6r direklerine saha \u00f6l\u00e7\u00fclerine g\u00f6re de\u011fi\u015fecek \u015fekilde d\u00f6rt ile sekiz adet aras\u0131nda ithal 400W metal halide amp\u00fcl\u00fc projekt\u00f6rleri monte ederiz. Panoya kadar elektrik tesisat\u0131n\u0131 d\u00f6\u015fer, projekt\u00f6rleri \u00e7al\u0131\u015f\u0131r vaziyette teslim ederiz. Basketbol potas\u0131 ve di\u011fer aksesuarlarda ise mapalar\u0131 yerle\u015ftirilmi\u015f zemine projeye uygun olan ekipmanlar\u0131n montaj\u0131n\u0131 yapar\u0131z.<\/p>\n<h3>Basketbol Sahas\u0131 Zemin Kaplama \u0130\u015flemleri<\/h3>\n<ul>\n<li>&#8211; <strong>Tartan zemin<\/strong>: \u00d6ncelikle k\u00fcr\u00fcn\u00fc tamamlam\u0131\u015f asfalt veya beton zemin y\u00fczeyini temizleriz. Yabanc\u0131 maddelerden ve tozdan ar\u0131nd\u0131r\u0131r\u0131z. Uygulayaca\u011f\u0131m\u0131z malzemenin tutuculu\u011funu artt\u0131rmak i\u00e7in y\u00fczeye astar uygulamas\u0131 yapar\u0131z. Astar katman\u0131n uygulanmas\u0131n\u0131n ard\u0131ndan 1-4mm \u00e7ap\u0131nda \u00f6zel olarak se\u00e7ilmi\u015f siyah SBR gran\u00fcllere %20 poli\u00fcretan binder kar\u0131\u015ft\u0131rarak fini\u015fer ile 8mm kal\u0131nl\u0131\u011f\u0131nda sereriz. Serdi\u011fimiz malzemenin 24 saat boyunca k\u00fcr\u00fcn\u00fc tamamlamas\u0131n\u0131 bekleriz. K\u00fcr s\u00fcresinin tamamlanmas\u0131n\u0131n ard\u0131ndan yine ayn\u0131 boyutlarda bu sefer renkli TPV veya EPDM gran\u00fclleri; %20 poli\u00fcretan binder kar\u0131\u015ft\u0131rarak fini\u015fer ile 7mm kal\u0131nl\u0131\u011f\u0131nda sereriz. Olu\u015fturdu\u011fumuz elastik zeminin \u00fczerine projeye uygun olan oyun \u00e7izgilerini akrilik boya kullanarak \u00e7izer ve saha kullan\u0131m\u0131na uygun hale getiririz.<\/li>\n<li>&#8211; <strong>Akrilik zemin<\/strong>: Zemin y\u00fczeyinin temizlenmesinin ve astar uygulanmas\u0131n\u0131n hemen ard\u0131ndan zemine \u00fc\u00e7 kat Coushion uygulayarak Elastik katman olu\u015ftururuz. Olu\u015fturdu\u011fumuz katman \u00fczerine iki kat akrilik boya uygulamas\u0131 yapar\u0131z. Akrilik boyan\u0131n \u00fczerine projeye uygun olarak oyun \u00e7izgileri \u00e7izer ve sahay\u0131 kullan\u0131ma haz\u0131r hale getiririz.<\/li>\n<li>&#8211; <strong>Suni \u00c7im Hal\u0131<\/strong>: Haz\u0131rlad\u0131\u011f\u0131m\u0131z asfalt veya beton zemin \u00fczerine Geotekstil k\u0131r\u00e7\u0131ll\u0131 ke\u00e7eyi \u0131slatarak sereriz. Serdi\u011fimiz ke\u00e7e \u00fczerine gran\u00fcl veya kum dolgulu \u00e7im hal\u0131y\u0131 sereriz. Serdi\u011fimiz \u00e7im hal\u0131n\u0131n ek yerlerini \u00f6zel yap\u0131\u015ft\u0131r\u0131c\u0131lar kullanarak kapat\u0131r\u0131z. Saha oyun \u00e7izgilerini, projeye uygun olarak keserek yerle\u015ftiririz.<\/li>\n<li>&#8211; <strong>Poli\u00fcretan Zeminler<\/strong>: A\u00e7\u0131k veya kapal\u0131 basketbol sahas\u0131 yap\u0131m\u0131 i\u00e7in \u00f6zel \u00fcretilmi\u015f poli\u00fcretan zeminlerimiz yer almaktad\u0131r. Kapal\u0131 sahalar i\u00e7in ise Indoor Poli\u00fcretan \u00fcr\u00fcn\u00fcm\u00fcz\u00fc tavsiye ederiz.<\/li>\n<li>&#8211; <strong>Spor Parke Zeminler<\/strong>: Bu zemin t\u00fcrleri; kapal\u0131 basketbol sahas\u0131 yap\u0131m\u0131 ve kapal\u0131 spor salonlar\u0131nda s\u0131kl\u0131kla tercih edilmektedir. \u00c7\u00fcnk\u00fc, profesyonel basketbol sahalar\u0131 i\u00e7in spor parke zemin kullanmak neredeyse bir zorunluluktur.<\/li>\n<li><\/li>\n<li><img loading=\"lazy\" decoding=\"async\" class=\"alignnone size-full wp-image-84\" src=\"https:\/\/acarogluhs.com\/wp-content\/uploads\/2018\/11\/239727200.jpg\" alt=\"\" width=\"640\" height=\"427\" srcset=\"https:\/\/acarogluhs.com\/wp-content\/uploads\/2018\/11\/239727200.jpg 640w, https:\/\/acarogluhs.com\/wp-content\/uploads\/2018\/11\/239727200-300x200.jpg 300w\" sizes=\"auto, (max-width: 640px) 100vw, 640px\" \/><\/li>\n<\/ul>\n","protected":false},"excerpt":{"rendered":"<p>Basketbol Sahas\u0131 Yap\u0131m\u0131 Teknik \u015eartnamesi Saha yap\u0131m maliyetleri ba\u015fta olmak \u00fczere basketbol sahas\u0131 yap\u0131m\u0131 teknik \u015fartnamesi gibi konularda 2014&#8217;den bu yana hizmet veren Acaro\u011flu Hal\u0131 Saha&#8217;n\u0131n tecr\u00fcbesinden yararlanabilirsiniz. Basketbol sahas\u0131 yap\u0131m\u0131n\u0131n ne kadar tutaca\u011f\u0131na dair bilgi almak istiyorsan\u0131z ister yurt i\u00e7i, isterseniz de yurt d\u0131\u015f\u0131ndan Acaro\u011flu Hal\u0131 Saha ile ileti\u015fim kurabilirsiniz. Bu konuda en iyi [&#8230;]<\/p>\n<p><a class=\"btn btn-secondary understrap-read-more-link\" href=\"https:\/\/acarogluhs.com\/?page_id=12\">Daha fazlas\u0131n\u0131 oku\u2026<\/a><\/p>\n","protected":false},"author":1,"featured_media":0,"parent":10,"menu_order":0,"comment_status":"closed","ping_status":"closed","template":"","meta":{"footnotes":""},"class_list":["post-12","page","type-page","status-publish","hentry"],"_links":{"self":[{"href":"https:\/\/acarogluhs.com\/index.php?rest_route=\/wp\/v2\/pages\/12","targetHints":{"allow":["GET"]}}],"collection":[{"href":"https:\/\/acarogluhs.com\/index.php?rest_route=\/wp\/v2\/pages"}],"about":[{"href":"https:\/\/acarogluhs.com\/index.php?rest_route=\/wp\/v2\/types\/page"}],"author":[{"embeddable":true,"href":"https:\/\/acarogluhs.com\/index.php?rest_route=\/wp\/v2\/users\/1"}],"replies":[{"embeddable":true,"href":"https:\/\/acarogluhs.com\/index.php?rest_route=%2Fwp%2Fv2%2Fcomments&post=12"}],"version-history":[{"count":3,"href":"https:\/\/acarogluhs.com\/index.php?rest_route=\/wp\/v2\/pages\/12\/revisions"}],"predecessor-version":[{"id":115,"href":"https:\/\/acarogluhs.com\/index.php?rest_route=\/wp\/v2\/pages\/12\/revisions\/115"}],"up":[{"embeddable":true,"href":"https:\/\/acarogluhs.com\/index.php?rest_route=\/wp\/v2\/pages\/10"}],"wp:attachment":[{"href":"https:\/\/acarogluhs.com\/index.php?rest_route=%2Fwp%2Fv2%2Fmedia&parent=12"}],"curies":[{"name":"wp","href":"https:\/\/api.w.org\/{rel}","templated":true}]}}