{"id":10,"date":"2018-10-27T11:53:02","date_gmt":"2018-10-27T11:53:02","guid":{"rendered":"https:\/\/acarogluhs.com\/?page_id=10"},"modified":"2018-11-25T18:50:14","modified_gmt":"2018-11-25T18:50:14","slug":"hizmetlerimiz","status":"publish","type":"page","link":"https:\/\/acarogluhs.com\/?page_id=10","title":{"rendered":"Hizmetlerimiz"},"content":{"rendered":"<section class=\"one-step\">\n<div class=\"container\">\n<div class=\"row padding-160 step-row\">\n<div class=\"col-xl-6\"><img decoding=\"async\" class=\"img-fluid\" src=\"http:\/\/herasoft.net\/demolar\/r10\/milano\/wp-content\/uploads\/2018\/10\/four-image.png\" alt=\"\" \/><\/div>\n<div class=\"col-xl-6\">\n<div class=\"heading-text\"><span class=\"title\">\nA\u00c7IK HALI SAHA\n<\/span><\/div>\n<div class=\"body-content\">\n<p class=\"content\">Hal\u0131 sahan\u0131n yap\u0131laca\u011f\u0131 konum belirlenir. Hal\u0131 sahaya ba\u015flamada Hal\u0131 sahan\u0131n yap\u0131laca\u011f\u0131 konum belirlenir. Hal\u0131 sahaya ba\u015flamada Hal\u0131 sahan\u0131n yap\u0131laca\u011f\u0131 konum belirlenir. Hal\u0131 sahaya ba\u015flamada\nHal\u0131 sahan\u0131n yap\u0131laca\u011f\u0131 konum belirlenir. Hal\u0131 sahaya ba\u015flamada Hal\u0131 sahan\u0131n yap\u0131laca\u011f\u0131 konum belirlenir. Hal\u0131 sahaya ba\u015flamada Hal\u0131 sahan\u0131n yap\u0131laca\u011f\u0131 konum belirlenir. Hal\u0131 sahaya ba\u015flamada\nHal\u0131 sahan\u0131n yap\u0131laca\u011f\u0131 konum belirlenir. Hal\u0131 sahaya ba\u015flamada Hal\u0131 sahan\u0131n yap\u0131laca\u011f\u0131 konum belirlenir. Hal\u0131 sahaya ba\u015flamada Hal\u0131 sahan\u0131n yap\u0131laca\u011f\u0131 konum belirlenir. Hal\u0131 sahaya ba\u015flamada<\/p>\n<\/div>\n<\/div>\n<\/div>\n<div class=\"row padding-45\">\n<div class=\"col-xl-6\"><span class=\"solo-text\">\nKAL\u0130TEDEN <span class=\"red-text\">\u00d6D\u00dcN<\/span> VERMEY\u0130N!\n<\/span><\/div>\n<div class=\"col-xl-6 text-right\"><a class=\"custom-buttom\" href=\"#\">\nHEMEN TEKL\u0130F AL\n<\/a><\/div>\n<\/div>\n<\/div>\n<\/section>\n<section class=\"timeline\">\n<div class=\"container\">\n<div class=\"row\">\n<div class=\"heading-text timeline-heading\"><span class=\"title\">\nHALI SAHA YAPIM A\u015eAMALARI\n<\/span><\/div>\n<\/div>\n<div class=\"timeline-step\">\n<div class=\"row\">\n<div class=\"col-xl-6\">\n<p class=\"timeline-content\">Hal\u0131 sahan\u0131n zemin et\u00fcd\u00fc yap\u0131ld\u0131ktan sonra uygulamaya ge\u00e7ilecek a\u015fama plan-proje a\u015famas\u0131d\u0131r. Alan\u0131n konumu autocad ortam\u0131nda \u00e7izilir. Hal\u0131 sahan\u0131n (dijital) projeye aktar\u0131lmas\u0131, hesaplamay\u0131 kolayla\u015ft\u0131rd\u0131\u011f\u0131 gibi hata pay\u0131n\u0131da azaltmaktad\u0131r. Hal\u0131 saha Projesi i\u015fveren taraf\u0131ndan onayland\u0131ktan sonra i\u015fe ba\u015flan\u0131r.<\/p>\n<\/div>\n<div class=\"col-xl-6 pl-0\"><span class=\"timeline-title\">\nPLAN &#8211; PROJE UYGULAMASI\n<\/span><\/div>\n<\/div>\n<div class=\"row\">\n<div class=\"col-xl-6 text-right pr-0\"><span class=\"timeline-title\">\nPLAN &#8211; PROJE UYGULAMASI\n<\/span><\/div>\n<div class=\"col-xl-6\">\n<p class=\"timeline-content\">Hal\u0131 sahan\u0131n zemin et\u00fcd\u00fc yap\u0131ld\u0131ktan sonra uygulamaya ge\u00e7ilecek a\u015fama plan-proje a\u015famas\u0131d\u0131r. Alan\u0131n konumu autocad ortam\u0131nda \u00e7izilir. Hal\u0131 sahan\u0131n (dijital) projeye aktar\u0131lmas\u0131, hesaplamay\u0131 kolayla\u015ft\u0131rd\u0131\u011f\u0131 gibi hata pay\u0131n\u0131da azaltmaktad\u0131r. Hal\u0131 saha Projesi i\u015fveren taraf\u0131ndan onayland\u0131ktan sonra i\u015fe ba\u015flan\u0131r.<\/p>\n<\/div>\n<\/div>\n<div class=\"row\">\n<div class=\"col-xl-6\">\n<p class=\"timeline-content\">Hal\u0131 sahan\u0131n zemin et\u00fcd\u00fc yap\u0131ld\u0131ktan sonra uygulamaya ge\u00e7ilecek a\u015fama plan-proje a\u015famas\u0131d\u0131r. Alan\u0131n konumu autocad ortam\u0131nda \u00e7izilir. Hal\u0131 sahan\u0131n (dijital) projeye aktar\u0131lmas\u0131, hesaplamay\u0131 kolayla\u015ft\u0131rd\u0131\u011f\u0131 gibi hata pay\u0131n\u0131da azaltmaktad\u0131r. Hal\u0131 saha Projesi i\u015fveren taraf\u0131ndan onayland\u0131ktan sonra i\u015fe ba\u015flan\u0131r.<\/p>\n<\/div>\n<div class=\"col-xl-6 pl-0\"><span class=\"timeline-title\">\nPLAN &#8211; PROJE UYGULAMASI\n<\/span><\/div>\n<\/div>\n<div class=\"row\">\n<div class=\"col-xl-6 text-right pr-0\"><span class=\"timeline-title\">\nPLAN &#8211; PROJE UYGULAMASI\n<\/span><\/div>\n<div class=\"col-xl-6\">\n<p class=\"timeline-content\">Hal\u0131 sahan\u0131n zemin et\u00fcd\u00fc yap\u0131ld\u0131ktan sonra uygulamaya ge\u00e7ilecek a\u015fama plan-proje a\u015famas\u0131d\u0131r. Alan\u0131n konumu autocad ortam\u0131nda \u00e7izilir. Hal\u0131 sahan\u0131n (dijital) projeye aktar\u0131lmas\u0131, hesaplamay\u0131 kolayla\u015ft\u0131rd\u0131\u011f\u0131 gibi hata pay\u0131n\u0131da azaltmaktad\u0131r. Hal\u0131 saha Projesi i\u015fveren taraf\u0131ndan onayland\u0131ktan sonra i\u015fe ba\u015flan\u0131r.<\/p>\n<\/div>\n<\/div>\n<div class=\"row\">\n<div class=\"col-xl-6\">\n<p class=\"timeline-content\">Hal\u0131 sahan\u0131n zemin et\u00fcd\u00fc yap\u0131ld\u0131ktan sonra uygulamaya ge\u00e7ilecek a\u015fama plan-proje a\u015famas\u0131d\u0131r. Alan\u0131n konumu autocad ortam\u0131nda \u00e7izilir. Hal\u0131 sahan\u0131n (dijital) projeye aktar\u0131lmas\u0131, hesaplamay\u0131 kolayla\u015ft\u0131rd\u0131\u011f\u0131 gibi hata pay\u0131n\u0131da azaltmaktad\u0131r. Hal\u0131 saha Projesi i\u015fveren taraf\u0131ndan onayland\u0131ktan sonra i\u015fe ba\u015flan\u0131r.<\/p>\n<\/div>\n<div class=\"col-xl-6 pl-0\"><span class=\"timeline-title\">\nPLAN &#8211; PROJE UYGULAMASI\n<\/span><\/div>\n<\/div>\n<div class=\"row\">\n<div class=\"col-xl-6 text-right pr-0\"><span class=\"timeline-title\">\nPLAN &#8211; PROJE UYGULAMASI\n<\/span><\/div>\n<div class=\"col-xl-6\">\n<p class=\"timeline-content\">Hal\u0131 sahan\u0131n zemin et\u00fcd\u00fc yap\u0131ld\u0131ktan sonra uygulamaya ge\u00e7ilecek a\u015fama plan-proje a\u015famas\u0131d\u0131r. Alan\u0131n konumu autocad ortam\u0131nda \u00e7izilir. Hal\u0131 sahan\u0131n (dijital) projeye aktar\u0131lmas\u0131, hesaplamay\u0131 kolayla\u015ft\u0131rd\u0131\u011f\u0131 gibi hata pay\u0131n\u0131da azaltmaktad\u0131r. Hal\u0131 saha Projesi i\u015fveren taraf\u0131ndan onayland\u0131ktan sonra i\u015fe ba\u015flan\u0131r.<\/p>\n<\/div>\n<\/div>\n<div class=\"row\">\n<div class=\"col-xl-6\">\n<p class=\"timeline-content\">Hal\u0131 sahan\u0131n zemin et\u00fcd\u00fc yap\u0131ld\u0131ktan sonra uygulamaya ge\u00e7ilecek a\u015fama plan-proje a\u015famas\u0131d\u0131r. Alan\u0131n konumu autocad ortam\u0131nda \u00e7izilir. Hal\u0131 sahan\u0131n (dijital) projeye aktar\u0131lmas\u0131, hesaplamay\u0131 kolayla\u015ft\u0131rd\u0131\u011f\u0131 gibi hata pay\u0131n\u0131da azaltmaktad\u0131r. Hal\u0131 saha Projesi i\u015fveren taraf\u0131ndan onayland\u0131ktan sonra i\u015fe ba\u015flan\u0131r.<\/p>\n<\/div>\n<div class=\"col-xl-6 pl-0\"><span class=\"timeline-title\">\nPLAN &#8211; PROJE UYGULAMASI\n<\/span><\/div>\n<\/div>\n<div class=\"row\">\n<div class=\"col-xl-6 text-right pr-0\"><span class=\"timeline-title\">\nPLAN &#8211; PROJE UYGULAMASI\n<\/span><\/div>\n<div class=\"col-xl-6\">\n<p class=\"timeline-content\">Hal\u0131 sahan\u0131n zemin et\u00fcd\u00fc yap\u0131ld\u0131ktan sonra uygulamaya ge\u00e7ilecek a\u015fama plan-proje a\u015famas\u0131d\u0131r. Alan\u0131n konumu autocad ortam\u0131nda \u00e7izilir. Hal\u0131 sahan\u0131n (dijital) projeye aktar\u0131lmas\u0131, hesaplamay\u0131 kolayla\u015ft\u0131rd\u0131\u011f\u0131 gibi hata pay\u0131n\u0131da azaltmaktad\u0131r. Hal\u0131 saha Projesi i\u015fveren taraf\u0131ndan onayland\u0131ktan sonra i\u015fe ba\u015flan\u0131r.<\/p>\n<\/div>\n<\/div>\n<\/div>\n<\/div>\n<\/section>\n<section class=\"five-step\">\n<div class=\"container\">\n<div class=\"row\">\n<div class=\"col-xl-6\"><span class=\"step-title\">\nTop Ve Zemin (Sentetik Hal\u0131) Etkile\u015fimi\n<\/span><\/p>\n<p class=\"step-content\">Hal\u0131 sahada top un zemin ile bir araya geli\u015fi ile birlikte verdi\u011fi tepki zeminin performans\u0131n\u0131 tan\u0131mlar. Saha da en iyi verimi alabilmek i\u00e7in, zemin uygulamas\u0131nda sentetik hal\u0131n\u0131n standartlar\u0131 dikkate al\u0131nmal\u0131d\u0131r.<\/p>\n<\/div>\n<div class=\"col-xl-6\"><span class=\"step-title\">\nTop Ve Zemin (Sentetik Hal\u0131) Etkile\u015fimi\n<\/span><\/p>\n<p class=\"step-content\">Hal\u0131 sahada top un zemin ile bir araya geli\u015fi ile birlikte verdi\u011fi tepki zeminin performans\u0131n\u0131 tan\u0131mlar. Saha da en iyi verimi alabilmek i\u00e7in, zemin uygulamas\u0131nda sentetik hal\u0131n\u0131n standartlar\u0131 dikkate al\u0131nmal\u0131d\u0131r.<\/p>\n<\/div>\n<\/div>\n<\/div>\n<\/section>\n","protected":false},"excerpt":{"rendered":"<p>A\u00c7IK HALI SAHA Hal\u0131 sahan\u0131n yap\u0131laca\u011f\u0131 konum belirlenir. Hal\u0131 sahaya ba\u015flamada Hal\u0131 sahan\u0131n yap\u0131laca\u011f\u0131 konum belirlenir. Hal\u0131 sahaya ba\u015flamada Hal\u0131 sahan\u0131n yap\u0131laca\u011f\u0131 konum belirlenir. Hal\u0131 sahaya ba\u015flamada Hal\u0131 sahan\u0131n yap\u0131laca\u011f\u0131 konum belirlenir. Hal\u0131 sahaya ba\u015flamada Hal\u0131 sahan\u0131n yap\u0131laca\u011f\u0131 konum belirlenir. Hal\u0131 sahaya ba\u015flamada Hal\u0131 sahan\u0131n yap\u0131laca\u011f\u0131 konum belirlenir. Hal\u0131 sahaya ba\u015flamada Hal\u0131 sahan\u0131n yap\u0131laca\u011f\u0131 konum [&#8230;]<\/p>\n<p><a class=\"btn btn-secondary understrap-read-more-link\" href=\"https:\/\/acarogluhs.com\/?page_id=10\">Daha fazlas\u0131n\u0131 oku\u2026<\/a><\/p>\n","protected":false},"author":1,"featured_media":0,"parent":0,"menu_order":0,"comment_status":"closed","ping_status":"closed","template":"","meta":{"footnotes":""},"class_list":["post-10","page","type-page","status-publish","hentry"],"_links":{"self":[{"href":"https:\/\/acarogluhs.com\/index.php?rest_route=\/wp\/v2\/pages\/10","targetHints":{"allow":["GET"]}}],"collection":[{"href":"https:\/\/acarogluhs.com\/index.php?rest_route=\/wp\/v2\/pages"}],"about":[{"href":"https:\/\/acarogluhs.com\/index.php?rest_route=\/wp\/v2\/types\/page"}],"author":[{"embeddable":true,"href":"https:\/\/acarogluhs.com\/index.php?rest_route=\/wp\/v2\/users\/1"}],"replies":[{"embeddable":true,"href":"https:\/\/acarogluhs.com\/index.php?rest_route=%2Fwp%2Fv2%2Fcomments&post=10"}],"version-history":[{"count":4,"href":"https:\/\/acarogluhs.com\/index.php?rest_route=\/wp\/v2\/pages\/10\/revisions"}],"predecessor-version":[{"id":102,"href":"https:\/\/acarogluhs.com\/index.php?rest_route=\/wp\/v2\/pages\/10\/revisions\/102"}],"wp:attachment":[{"href":"https:\/\/acarogluhs.com\/index.php?rest_route=%2Fwp%2Fv2%2Fmedia&parent=10"}],"curies":[{"name":"wp","href":"https:\/\/api.w.org\/{rel}","templated":true}]}}